{"id":84,"date":"2022-11-03T03:01:27","date_gmt":"2022-11-03T03:01:27","guid":{"rendered":"https:\/\/abconsultoriaempresarial.mx\/?page_id=84"},"modified":"2022-11-03T03:29:01","modified_gmt":"2022-11-03T03:29:01","slug":"quienes-somos","status":"publish","type":"page","link":"https:\/\/abconsultoriaempresarial.mx\/?page_id=84","title":{"rendered":"QUIENES SOMOS"},"content":{"rendered":"\t\t<div data-elementor-type=\"wp-page\" data-elementor-id=\"84\" class=\"elementor elementor-84\">\n\t\t\t\t\t\t<section class=\"elementor-section elementor-top-section elementor-element elementor-element-7e763667 elementor-section-boxed elementor-section-height-default elementor-section-height-default\" data-id=\"7e763667\" data-element_type=\"section\">\n\t\t\t\t\t\t<div class=\"elementor-container elementor-column-gap-default\">\n\t\t\t\t\t<div class=\"elementor-column elementor-col-100 elementor-top-column elementor-element elementor-element-7a854d26\" data-id=\"7a854d26\" data-element_type=\"column\">\n\t\t\t<div class=\"elementor-widget-wrap elementor-element-populated\">\n\t\t\t\t\t\t<div class=\"elementor-element elementor-element-7db713f4 elementor-widget elementor-widget-text-editor\" data-id=\"7db713f4\" data-element_type=\"widget\" data-widget_type=\"text-editor.default\">\n\t\t\t\t<div class=\"elementor-widget-container\">\n\t\t\t\t\t\t\t\t\t\n<p class=\"has-text-align-center has-medium-font-size\"><sub><strong>SOMOS UN EQUIPO DE PROFESIONALES Y ESPECIALISTAS EN LAS \u00c1REAS DE CONTABILIDAD FISCAL Y ADMINISTRATIVA<\/strong>.<\/sub><\/p>\n\n\n\n<hr class=\"wp-block-separator aligncenter has-alpha-channel-opacity is-style-dots\"\/>\n\n\n\n<p class=\"has-text-align-center has-medium-font-size\"><sub>Somos una Firma de profesionales de asesoramiento a Empresas, Profesionales y Empresarios, cuya filosof\u00eda es adecuarnos a las necesidades especificas de cada uno de nuestros socios comerciales con m\u00e1xima calidad en todas las \u00e1reas logrando resultados satisfactorios.<\/sub><\/p>\n\n\n\n<hr class=\"wp-block-separator has-alpha-channel-opacity is-style-wide\"\/>\n\n\n\n<p><\/p>\n\t\t\t\t\t\t\t\t<\/div>\n\t\t\t\t<\/div>\n\t\t\t\t\t<\/div>\n\t\t<\/div>\n\t\t\t\t\t<\/div>\n\t\t<\/section>\n\t\t\t\t<section class=\"elementor-section elementor-top-section elementor-element elementor-element-43aa045 elementor-section-boxed elementor-section-height-default elementor-section-height-default\" data-id=\"43aa045\" data-element_type=\"section\">\n\t\t\t\t\t\t<div class=\"elementor-container elementor-column-gap-default\">\n\t\t\t\t\t<div class=\"elementor-column elementor-col-25 elementor-top-column elementor-element elementor-element-f50c498\" data-id=\"f50c498\" data-element_type=\"column\">\n\t\t\t<div class=\"elementor-widget-wrap elementor-element-populated\">\n\t\t\t\t\t\t<div class=\"elementor-element elementor-element-ab033c9 elementor-shape-rounded elementor-widget elementor-widget-profile-card-elementor-widget\" data-id=\"ab033c9\" data-element_type=\"widget\" data-widget_type=\"profile-card-elementor-widget.default\">\n\t\t\t\t<div class=\"elementor-widget-container\">\n\t\t\t\t\t<!-- Start Profile Card 1 -->\r\n<div class=\"profile-card-style-1\" style=\"background-image:url(https:\/\/abconsultoriaempresarial.mx\/wp-content\/plugins\/elementor\/assets\/images\/placeholder.png);\">\r\n    <div class=\" column column-block\">\r\n        <div class=\"team-member\">\r\n            <div class=\"team-member-profile\">\r\n                <img fetchpriority=\"high\" decoding=\"async\" src=\"https:\/\/abconsultoriaempresarial.mx\/wp-content\/plugins\/elementor\/assets\/images\/placeholder.png\" class=\"img img-responsive\" sizes=\"(max-width: 700px) 100vw, 700px\" width=\"700\" height=\"700\">\r\n            <\/div>\r\n            <div class=\"team-member-info elementor-content-background-color-wrapper\">\r\n                <!-- Description -->\r\n                <p class=\"profile-description elementor-profile-description-wrapper\">Ser un despacho que brinde a sus clientes , seguridad y confianza, conforme a sus necesidades particulares, mediante servicios y soluciones de excelencia y calidad que permita a las empresas, profesionales y empresarios su fortalecimiento y desarrollo, logrando una econom\u00eda eficiente<\/p>\r\n                <h4 class=\"profile-name elementor-profile-name-wrapper\">MISION<\/h4>\r\n                <p class=\"profile-position elementor-profile-position-wrapper\"><\/p>\r\n            <\/div>\r\n            <div class=\"elementor-social-icons-wrapper team-member__socialmedia\">\r\n                            <\/div>\r\n        <\/div>\r\n    <\/div>\r\n<\/div>\r\n<!-- End Profile Card -->\t\t\t\t<\/div>\n\t\t\t\t<\/div>\n\t\t\t\t\t<\/div>\n\t\t<\/div>\n\t\t\t\t<div class=\"elementor-column elementor-col-25 elementor-top-column elementor-element elementor-element-1cf0c61\" data-id=\"1cf0c61\" data-element_type=\"column\">\n\t\t\t<div class=\"elementor-widget-wrap\">\n\t\t\t\t\t\t\t<\/div>\n\t\t<\/div>\n\t\t\t\t<div class=\"elementor-column elementor-col-25 elementor-top-column elementor-element elementor-element-12fdfdb\" data-id=\"12fdfdb\" data-element_type=\"column\">\n\t\t\t<div class=\"elementor-widget-wrap\">\n\t\t\t\t\t\t\t<\/div>\n\t\t<\/div>\n\t\t\t\t<div class=\"elementor-column elementor-col-25 elementor-top-column elementor-element elementor-element-251d418\" data-id=\"251d418\" data-element_type=\"column\">\n\t\t\t<div class=\"elementor-widget-wrap\">\n\t\t\t\t\t\t\t<\/div>\n\t\t<\/div>\n\t\t\t\t\t<\/div>\n\t\t<\/section>\n\t\t\t\t<\/div>\n\t\t","protected":false},"excerpt":{"rendered":"<p>SOMOS UN EQUIPO DE PROFESIONALES Y ESPECIALISTAS EN LAS \u00c1REAS DE CONTABILIDAD FISCAL Y ADMINISTRATIVA. Somos una Firma de profesionales de asesoramiento a Empresas, Profesionales y Empresarios, cuya filosof\u00eda es adecuarnos a las necesidades especificas de cada uno de nuestros socios comerciales con m\u00e1xima calidad en todas las \u00e1reas logrando resultados satisfactorios. Ser un despacho &hellip; <\/p>\n<p class=\"link-more\"><a href=\"https:\/\/abconsultoriaempresarial.mx\/?page_id=84\" class=\"more-link\">Leer m\u00e1s<span class=\"screen-reader-text\"> \u00abQUIENES SOMOS\u00bb<\/span><\/a><\/p>\n","protected":false},"author":1,"featured_media":0,"parent":0,"menu_order":0,"comment_status":"closed","ping_status":"closed","template":"","meta":{"footnotes":""},"class_list":["post-84","page","type-page","status-publish","hentry"],"_links":{"self":[{"href":"https:\/\/abconsultoriaempresarial.mx\/index.php?rest_route=\/wp\/v2\/pages\/84","targetHints":{"allow":["GET"]}}],"collection":[{"href":"https:\/\/abconsultoriaempresarial.mx\/index.php?rest_route=\/wp\/v2\/pages"}],"about":[{"href":"https:\/\/abconsultoriaempresarial.mx\/index.php?rest_route=\/wp\/v2\/types\/page"}],"author":[{"embeddable":true,"href":"https:\/\/abconsultoriaempresarial.mx\/index.php?rest_route=\/wp\/v2\/users\/1"}],"replies":[{"embeddable":true,"href":"https:\/\/abconsultoriaempresarial.mx\/index.php?rest_route=%2Fwp%2Fv2%2Fcomments&post=84"}],"version-history":[{"count":36,"href":"https:\/\/abconsultoriaempresarial.mx\/index.php?rest_route=\/wp\/v2\/pages\/84\/revisions"}],"predecessor-version":[{"id":127,"href":"https:\/\/abconsultoriaempresarial.mx\/index.php?rest_route=\/wp\/v2\/pages\/84\/revisions\/127"}],"wp:attachment":[{"href":"https:\/\/abconsultoriaempresarial.mx\/index.php?rest_route=%2Fwp%2Fv2%2Fmedia&parent=84"}],"curies":[{"name":"wp","href":"https:\/\/api.w.org\/{rel}","templated":true}]}}